{"id":564,"date":"2019-07-30T20:31:47","date_gmt":"2019-07-30T23:31:47","guid":{"rendered":"http:\/\/cuspyde.com.ar\/?page_id=564"},"modified":"2024-05-31T00:12:54","modified_gmt":"2024-05-31T03:12:54","slug":"sistema-de-informes-para-endoscopia","status":"publish","type":"page","link":"http:\/\/cuspyde.com.ar\/?page_id=564","title":{"rendered":"Sistema de Informes para Endoscopia"},"content":{"rendered":"\n<p><strong>&nbsp;<\/strong> Captura en vivo de im\u00e1genes y videos, compatible con todas las torres de endoscop\u00eda Impresi\u00f3n de informes de bajo costo. &nbsp;Software amigable y visual que permite agilizar y optimizar todos los procesos involucrados en la gesti\u00f3n de almacenamiento de datos para estudios endosc\u00f3picos&nbsp; y la confecci\u00f3n de informes&nbsp; que impliquen captaci\u00f3n&nbsp; e impresi\u00f3n de im\u00e1genes.&nbsp;&nbsp;<\/p>\n\n\n<div class=\"yiv4540130163ydpf6bd3f10yiv3128837711\"><b id=\"yiv4540130163ydpf6bd3f10yiv3128837711yui_3_16_0_1_1422314954497_11982\" class=\"yiv4540130163ydpf6bd3f10yiv3128837711\"><span id=\"yiv4540130163ydpf6bd3f10yiv3128837711yui_3_16_0_1_1422314954497_11981\" class=\"yiv4540130163ydpf6bd3f10yiv3128837711\"><img loading=\"lazy\" decoding=\"async\" class=\"size-medium wp-image-614 alignright\" src=\"http:\/\/cuspyde.com.ar\/wp-content\/uploads\/2019\/08\/capture_08012019_190813-300x161.jpg\" alt=\"\" width=\"300\" height=\"161\" srcset=\"http:\/\/cuspyde.com.ar\/wp-content\/uploads\/2019\/08\/capture_08012019_190813-300x161.jpg 300w, http:\/\/cuspyde.com.ar\/wp-content\/uploads\/2019\/08\/capture_08012019_190813-768x413.jpg 768w, http:\/\/cuspyde.com.ar\/wp-content\/uploads\/2019\/08\/capture_08012019_190813-1024x551.jpg 1024w, http:\/\/cuspyde.com.ar\/wp-content\/uploads\/2019\/08\/capture_08012019_190813.jpg 1365w\" sizes=\"auto, (max-width: 300px) 100vw, 300px\" \/>UNA SOLUCI\u00d3N FLEXIBLE PARA AUTOMATIZAR LA CAPTURA DE IM\u00c1GENES Y SU INTEGRACI\u00d3N CO<\/span><\/b><b class=\"yiv4540130163ydpf6bd3f10yiv3128837711\"><span class=\"yiv4540130163ydpf6bd3f10yiv3128837711\">N\u00a0<\/span><\/b><b class=\"yiv4540130163ydpf6bd3f10yiv3128837711\"><span class=\"yiv4540130163ydpf6bd3f10yiv3128837711\">EL INFORME DE ENDOSCOP\u00cdA<\/span><\/b><\/div>\n<ul id=\"yiv4540130163ydpf6bd3f10yiv3128837711yui_3_16_0_1_1422314954497_11965\" class=\"yiv4540130163ydpf6bd3f10yiv3128837711\">\n<li id=\"yiv4540130163ydpf6bd3f10yiv3128837711yui_3_16_0_1_1422314954497_11979\" class=\"yiv4540130163ydpf6bd3f10yiv3128837711\"><span id=\"yiv4540130163ydpf6bd3f10yiv3128837711yui_3_16_0_1_1422314954497_11978\" class=\"yiv4540130163ydpf6bd3f10yiv3128837711\">Seguridad por medio de Usuario y Password<\/span><\/li>\n<li id=\"yiv4540130163ydpf6bd3f10yiv3128837711yui_3_16_0_1_1422314954497_11977\" class=\"yiv4540130163ydpf6bd3f10yiv3128837711\"><span id=\"yiv4540130163ydpf6bd3f10yiv3128837711yui_3_16_0_1_1422314954497_11976\" class=\"yiv4540130163ydpf6bd3f10yiv3128837711\">B\u00fasqueda de pacientes por apellido, o documento<\/span><\/li>\n<li id=\"yiv4540130163ydpf6bd3f10yiv3128837711yui_3_16_0_1_1422314954497_11975\" class=\"yiv4540130163ydpf6bd3f10yiv3128837711\"><span id=\"yiv4540130163ydpf6bd3f10yiv3128837711yui_3_16_0_1_1422314954497_11974\" class=\"yiv4540130163ydpf6bd3f10yiv3128837711\">Registra turnos con rapidez<\/span><span id=\"yiv4540130163ydpf6bd3f10yiv3128837711yui_3_16_0_1_1422314954497_12040\" class=\"yiv4540130163ydpf6bd3f10yiv3128837711\">\u00a0\u00a0<\/span><span class=\"yiv4540130163ydpf6bd3f10yiv3128837711\">por fecha y hora.<\/span><\/li>\n<li id=\"yiv4540130163ydpf6bd3f10yiv3128837711yui_3_16_0_1_1422314954497_11973\" class=\"yiv4540130163ydpf6bd3f10yiv3128837711\"><span id=\"yiv4540130163ydpf6bd3f10yiv3128837711yui_3_16_0_1_1422314954497_11972\" class=\"yiv4540130163ydpf6bd3f10yiv3128837711\">Captura directamente im\u00e1genes y videos desde cualquier equipo m\u00e9dico.<\/span><\/li>\n<li id=\"yiv4540130163ydpf6bd3f10yiv3128837711yui_3_16_0_1_1422314954497_11971\" class=\"yiv4540130163ydpf6bd3f10yiv3128837711\"><span id=\"yiv4540130163ydpf6bd3f10yiv3128837711yui_3_16_0_1_1422314954497_11970\" class=\"yiv4540130163ydpf6bd3f10yiv3128837711\">Captura im\u00e1genes y video simult\u00e1neamente.<\/span><\/li>\n<li id=\"yiv4540130163ydpf6bd3f10yiv3128837711yui_3_16_0_1_1422314954497_11969\" class=\"yiv4540130163ydpf6bd3f10yiv3128837711\"><span id=\"yiv4540130163ydpf6bd3f10yiv3128837711yui_3_16_0_1_1422314954497_11968\" class=\"yiv4540130163ydpf6bd3f10yiv3128837711\">La captura puede ser realizada por medio de un pedal USB.<\/span><img loading=\"lazy\" decoding=\"async\" class=\"size-medium wp-image-615 alignright\" src=\"http:\/\/cuspyde.com.ar\/wp-content\/uploads\/2019\/08\/capture_08012019_190943-300x161.jpg\" alt=\"\" width=\"300\" height=\"161\" srcset=\"http:\/\/cuspyde.com.ar\/wp-content\/uploads\/2019\/08\/capture_08012019_190943-300x161.jpg 300w, http:\/\/cuspyde.com.ar\/wp-content\/uploads\/2019\/08\/capture_08012019_190943-768x413.jpg 768w, http:\/\/cuspyde.com.ar\/wp-content\/uploads\/2019\/08\/capture_08012019_190943-1024x551.jpg 1024w, http:\/\/cuspyde.com.ar\/wp-content\/uploads\/2019\/08\/capture_08012019_190943.jpg 1365w\" sizes=\"auto, (max-width: 300px) 100vw, 300px\" \/><\/li>\n<li id=\"yiv4540130163ydpf6bd3f10yiv3128837711yui_3_16_0_1_1422314954497_11967\" class=\"yiv4540130163ydpf6bd3f10yiv3128837711\"><span id=\"yiv4540130163ydpf6bd3f10yiv3128837711yui_3_16_0_1_1422314954497_11966\" class=\"yiv4540130163ydpf6bd3f10yiv3128837711\">Captura y navegaci\u00f3n de im\u00e1genes con capacidad ilimitada.<\/span><\/li>\n<li id=\"yiv4540130163ydpf6bd3f10yiv3128837711yui_3_16_0_1_1422314954497_11964\" class=\"yiv4540130163ydpf6bd3f10yiv3128837711\"><span id=\"yiv4540130163ydpf6bd3f10yiv3128837711yui_3_16_0_1_1422314954497_11988\" class=\"yiv4540130163ydpf6bd3f10yiv3128837711\">Historial de estudio<\/span><span class=\"yiv4540130163ydpf6bd3f10yiv3128837711\">s<\/span><span class=\"yiv4540130163ydpf6bd3f10yiv3128837711\">\u00a0\u00a0<\/span><span id=\"yiv4540130163ydpf6bd3f10yiv3128837711yui_3_16_0_1_1422314954497_11963\" class=\"yiv4540130163ydpf6bd3f10yiv3128837711\">completo en pdf.<\/span><\/li>\n<li id=\"yiv4540130163ydpf6bd3f10yiv3128837711yui_3_16_0_ym19_1_1491822981233_6170\" class=\"yiv4540130163ydpf6bd3f10yiv3128837711\"><span id=\"yiv4540130163ydpf6bd3f10yiv3128837711yui_3_16_0_ym19_1_1491822981233_6411\" class=\"yiv4540130163ydpf6bd3f10yiv3128837711\">Estad\u00edsticas b\u00e1sicas por diagn\u00f3stico, o estudio.<\/span><\/li>\n<li id=\"yiv4540130163ydpf6bd3f10yiv3128837711yui_3_16_0_ym19_1_1491822981233_6159\" class=\"yiv4540130163ydpf6bd3f10yiv3128837711\"><span id=\"yiv4540130163ydpf6bd3f10yiv3128837711yui_3_16_0_ym19_1_1491822981233_6412\" class=\"yiv4540130163ydpf6bd3f10yiv3128837711\">Listado de turnos y pacientes atendidos por profesional.<\/span><\/li>\n<li id=\"yiv4540130163ydpf6bd3f10yiv3128837711yui_3_16_0_1_1422314954497_12127\" class=\"yiv4540130163ydpf6bd3f10yiv3128837711\"><span id=\"yiv4540130163ydpf6bd3f10yiv3128837711yui_3_16_0_1_1422314954497_12126\" class=\"yiv4540130163ydpf6bd3f10yiv3128837711\">Exporta los informes, historial, im\u00e1genes y videos para ser compartidos.<\/span><\/li>\n<li id=\"yiv4540130163ydpf6bd3f10yiv3128837711yui_3_16_0_ym19_1_1491822981233_6214\" class=\"yiv4540130163ydpf6bd3f10yiv3128837711\"><span id=\"yiv4540130163ydpf6bd3f10yiv3128837711yui_3_16_0_ym19_1_1491822981233_6408\" class=\"yiv4540130163ydpf6bd3f10yiv3128837711\">Captura de video limitado<\/span><span id=\"yiv4540130163ydpf6bd3f10yiv3128837711yui_3_16_0_ym19_1_1491822981233_6414\" class=\"yiv4540130163ydpf6bd3f10yiv3128837711\">\u00a0\u00a0<\/span><span id=\"yiv4540130163ydpf6bd3f10yiv3128837711yui_3_16_0_ym19_1_1491822981233_6413\" class=\"yiv4540130163ydpf6bd3f10yiv3128837711\">solamente por el espacio en disco.<\/span><\/li>\n<li id=\"yiv4540130163ydpf6bd3f10yiv3128837711yui_3_16_0_ym19_1_1491822981233_6216\" class=\"yiv4540130163ydpf6bd3f10yiv3128837711\"><span id=\"yiv4540130163ydpf6bd3f10yiv3128837711yui_3_16_0_ym19_1_1491822981233_6215\" class=\"yiv4540130163ydpf6bd3f10yiv3128837711\">Versi\u00f3n en red, permite que la secretaria ingrese pacientes y turnos, y contar con varios puestos de captura.<img loading=\"lazy\" decoding=\"async\" class=\"size-medium wp-image-613 alignright\" src=\"http:\/\/cuspyde.com.ar\/wp-content\/uploads\/2019\/08\/Captura-300x188.jpg\" alt=\"\" width=\"300\" height=\"188\" srcset=\"http:\/\/cuspyde.com.ar\/wp-content\/uploads\/2019\/08\/Captura-300x188.jpg 300w, http:\/\/cuspyde.com.ar\/wp-content\/uploads\/2019\/08\/Captura-768x480.jpg 768w, http:\/\/cuspyde.com.ar\/wp-content\/uploads\/2019\/08\/Captura-1024x640.jpg 1024w, http:\/\/cuspyde.com.ar\/wp-content\/uploads\/2019\/08\/Captura.jpg 1440w\" sizes=\"auto, (max-width: 300px) 100vw, 300px\" \/><\/span><\/li>\n<li id=\"yiv4540130163ydpf6bd3f10yiv3128837711yui_3_16_0_1_1422314954497_12125\" class=\"yiv4540130163ydpf6bd3f10yiv3128837711\"><span id=\"yiv4540130163ydpf6bd3f10yiv3128837711yui_3_16_0_1_1422314954497_12124\" class=\"yiv4540130163ydpf6bd3f10yiv3128837711\">Sistema modular, permite la integraci\u00f3n con otros m\u00f3dulos tales como, Historia Cl\u00ednica para Consultorio.<\/span><\/li>\n<\/ul>\n<div>\u00a0<\/div>\n<div id=\"yiv4540130163ydpf6bd3f10yiv3128837711yui_3_16_0_1_1422314954497_11801\" class=\"yiv4540130163ydpf6bd3f10yiv3128837711\"><b id=\"yiv4540130163ydpf6bd3f10yiv3128837711yui_3_16_0_1_1422314954497_11800\" class=\"yiv4540130163ydpf6bd3f10yiv3128837711\">COMODIDAD Y RAPIDEZ<\/b><\/div>\n<ul>\n<li id=\"yiv4540130163ydpf6bd3f10yiv3128837711yui_3_16_0_1_1422314954497_11802\" class=\"yiv4540130163ydpf6bd3f10yiv3128837711\">No requiere de conocimientos en computaci\u00f3n, con pocos clic tendr\u00e1\u00a0 un reporte listo para impresi\u00f3n.<\/li>\n<li class=\"yiv4540130163ydpf6bd3f10yiv3128837711\">Entrega reportes de calidad y ahorra dinero imprimiendo en cualquier tipo de\u00a0 impresora (ink-jet o laser) y papel.<\/li>\n<li class=\"yiv4540130163ydpf6bd3f10yiv3128837711\"><img loading=\"lazy\" decoding=\"async\" class=\"size-medium wp-image-616 alignright\" src=\"http:\/\/cuspyde.com.ar\/wp-content\/uploads\/2019\/08\/capture_08012019_192159-213x300.jpg\" alt=\"\" width=\"213\" height=\"300\" srcset=\"http:\/\/cuspyde.com.ar\/wp-content\/uploads\/2019\/08\/capture_08012019_192159-213x300.jpg 213w, http:\/\/cuspyde.com.ar\/wp-content\/uploads\/2019\/08\/capture_08012019_192159.jpg 544w\" sizes=\"auto, (max-width: 213px) 100vw, 213px\" \/>Captura v\u00eddeos e im\u00e1genes simult\u00e1neamente.<\/li>\n<li class=\"yiv4540130163ydpf6bd3f10yiv3128837711\">Las Im\u00e1genes pueden ser capturadas desde un pedal USB dejando sus manos libres para el estudio.<\/li>\n<li class=\"yiv4540130163ydpf6bd3f10yiv3128837711\">Seguridad integrada por medio de Usuario y Password\u00a0 y tres niveles de usuarios.<\/li>\n<\/ul>\n<div id=\"yiv4540130163ydpf6bd3f10yiv3128837711yui_3_16_0_1_1422314954497_11803\" class=\"yiv4540130163ydpf6bd3f10yiv3128837711\">\u00a0<\/div>\n<div id=\"yiv4540130163ydpf6bd3f10yiv3128837711yui_3_16_0_1_1422314954497_11804\" class=\"yiv4540130163ydpf6bd3f10yiv3128837711\"><b id=\"yiv4540130163ydpf6bd3f10yiv3128837711yui_3_16_0_ym19_1_1491822981233_6229\" class=\"yiv4540130163ydpf6bd3f10yiv3128837711\"><span id=\"yiv4540130163ydpf6bd3f10yiv3128837711yui_3_16_0_ym19_1_1491822981233_6228\" class=\"yiv4540130163ydpf6bd3f10yiv3128837711\">EMISI\u00d3N DE INFORMES<\/span><\/b><\/div>\n<ul>\n<li class=\"yiv4540130163ydpf6bd3f10yiv3128837711\">El informe impreso integra todos los datos del paciente necesarios; incluyendo las im\u00e1genes seleccionadas, permitiendo entregar al paciente o m\u00e9dico solicitante, un informe completo al momento de terminar con el estudio.<\/li>\n<li id=\"yiv4540130163ydpf6bd3f10yiv3128837711yui_3_16_0_1_1422314954497_11805\" class=\"yiv4540130163ydpf6bd3f10yiv3128837711\">El formato del informe es personalizable,\u00a0 y puede ser exportado en formato pdf\u00a0 para ser compartido o enviado por email.<\/li>\n<\/ul>\n<div id=\"yiv4540130163ydpf6bd3f10yiv3128837711yui_3_16_0_1_1422314954497_11806\" class=\"yiv4540130163ydpf6bd3f10yiv3128837711\"><b class=\"yiv4540130163ydpf6bd3f10yiv3128837711\">\u00a0<\/b><\/div>\n<div id=\"yiv4540130163ydpf6bd3f10yiv3128837711yui_3_16_0_1_1422314954497_11807\" class=\"yiv4540130163ydpf6bd3f10yiv3128837711\"><b class=\"yiv4540130163ydpf6bd3f10yiv3128837711\">DEMO<\/b><\/div>\n<div id=\"yiv4540130163ydpf6bd3f10yiv3128837711yui_3_16_0_1_1422314954497_11808\" class=\"yiv4540130163ydpf6bd3f10yiv3128837711\">Puede obtener una Demo del sistema funcional por tiempo limitado descarg\u00e1ndola desde:<\/div>\n<div id=\"yiv4540130163ydpf6bd3f10yiv3128837711yui_3_16_0_1_1422314954497_11808\" class=\"yiv4540130163ydpf6bd3f10yiv3128837711\"><a class=\"yiv4540130163enhancr_card_3998027933\" href=\"https:\/\/1drv.ms\/u\/c\/7634536cfa5235aa\/EU7vPnp7IO1BsC9grK_G0OsB99TMYIiL0BMUQDD8tzhzYA\" target=\"_blank\" rel=\"nofollow noopener noreferrer\" shape=\"rect\">SetupInformes_Demo_14.0<\/a><\/div>\n<div>\u00a0<\/div>\n<div>\u00a0<\/div>","protected":false},"excerpt":{"rendered":"<p>&nbsp; Captura en vivo de im\u00e1genes y videos, compatible con todas las torres de endoscop\u00eda Impresi\u00f3n de informes de bajo costo. &nbsp;Software amigable y visual que permite agilizar y optimizar todos los procesos involucrados en la gesti\u00f3n de almacenamiento de &hellip; <\/p>\n","protected":false},"author":1,"featured_media":356,"parent":0,"menu_order":0,"comment_status":"closed","ping_status":"closed","template":"","meta":{"footnotes":""},"class_list":["post-564","page","type-page","status-publish","has-post-thumbnail","hentry"],"_links":{"self":[{"href":"http:\/\/cuspyde.com.ar\/index.php?rest_route=\/wp\/v2\/pages\/564","targetHints":{"allow":["GET"]}}],"collection":[{"href":"http:\/\/cuspyde.com.ar\/index.php?rest_route=\/wp\/v2\/pages"}],"about":[{"href":"http:\/\/cuspyde.com.ar\/index.php?rest_route=\/wp\/v2\/types\/page"}],"author":[{"embeddable":true,"href":"http:\/\/cuspyde.com.ar\/index.php?rest_route=\/wp\/v2\/users\/1"}],"replies":[{"embeddable":true,"href":"http:\/\/cuspyde.com.ar\/index.php?rest_route=%2Fwp%2Fv2%2Fcomments&post=564"}],"version-history":[{"count":4,"href":"http:\/\/cuspyde.com.ar\/index.php?rest_route=\/wp\/v2\/pages\/564\/revisions"}],"predecessor-version":[{"id":680,"href":"http:\/\/cuspyde.com.ar\/index.php?rest_route=\/wp\/v2\/pages\/564\/revisions\/680"}],"wp:featuredmedia":[{"embeddable":true,"href":"http:\/\/cuspyde.com.ar\/index.php?rest_route=\/wp\/v2\/media\/356"}],"wp:attachment":[{"href":"http:\/\/cuspyde.com.ar\/index.php?rest_route=%2Fwp%2Fv2%2Fmedia&parent=564"}],"curies":[{"name":"wp","href":"https:\/\/api.w.org\/{rel}","templated":true}]}}